{"id":874,"date":"2023-09-26T09:02:53","date_gmt":"2023-09-26T07:02:53","guid":{"rendered":"https:\/\/gasflow.fr\/budgets\/"},"modified":"2026-02-18T20:38:22","modified_gmt":"2026-02-18T19:38:22","slug":"budgets","status":"publish","type":"page","link":"https:\/\/gasflow.fr\/en\/budgets\/","title":{"rendered":"Budgets"},"content":{"rendered":"\t\t<div data-elementor-type=\"wp-page\" data-elementor-id=\"874\" class=\"elementor elementor-874 elementor-625\" data-elementor-post-type=\"page\">\n\t\t\t\t\t\t<section class=\"elementor-section elementor-top-section elementor-element elementor-element-2af51df elementor-section-boxed elementor-section-height-default elementor-section-height-default\" data-id=\"2af51df\" data-element_type=\"section\" data-e-type=\"section\" data-settings=\"{&quot;background_background&quot;:&quot;classic&quot;,&quot;background_motion_fx_motion_fx_scrolling&quot;:&quot;yes&quot;,&quot;background_motion_fx_translateY_effect&quot;:&quot;yes&quot;,&quot;background_motion_fx_translateY_speed&quot;:{&quot;unit&quot;:&quot;px&quot;,&quot;size&quot;:6,&quot;sizes&quot;:[]},&quot;background_motion_fx_translateY_affectedRange&quot;:{&quot;unit&quot;:&quot;%&quot;,&quot;size&quot;:&quot;&quot;,&quot;sizes&quot;:{&quot;start&quot;:0,&quot;end&quot;:100}},&quot;background_motion_fx_devices&quot;:[&quot;desktop&quot;,&quot;tablet&quot;,&quot;mobile&quot;]}\">\n\t\t\t\t\t\t<div class=\"elementor-container elementor-column-gap-default\">\n\t\t\t\t\t<div class=\"elementor-column elementor-col-50 elementor-top-column elementor-element elementor-element-7bd05e7 elementor-hidden-tablet elementor-hidden-phone\" data-id=\"7bd05e7\" data-element_type=\"column\" data-e-type=\"column\">\n\t\t\t<div class=\"elementor-widget-wrap\">\n\t\t\t\t\t\t\t<\/div>\n\t\t<\/div>\n\t\t\t\t<div class=\"elementor-column elementor-col-50 elementor-top-column elementor-element elementor-element-5d79341 elementor-invisible\" data-id=\"5d79341\" data-element_type=\"column\" data-e-type=\"column\" data-settings=\"{&quot;background_background&quot;:&quot;classic&quot;,&quot;animation&quot;:&quot;fadeInRight&quot;}\">\n\t\t\t<div class=\"elementor-widget-wrap elementor-element-populated\">\n\t\t\t\t\t\t<div class=\"elementor-element elementor-element-aaf9bd1 elementor-widget__width-inherit elementor-widget elementor-widget-heading\" data-id=\"aaf9bd1\" data-element_type=\"widget\" data-e-type=\"widget\" data-widget_type=\"heading.default\">\n\t\t\t\t<div class=\"elementor-widget-container\">\n\t\t\t\t\t<h2 class=\"elementor-heading-title elementor-size-default\">Our prices<\/h2>\t\t\t\t<\/div>\n\t\t\t\t<\/div>\n\t\t\t\t<section class=\"elementor-section elementor-inner-section elementor-element elementor-element-9ffea4d elementor-section-boxed elementor-section-height-default elementor-section-height-default\" data-id=\"9ffea4d\" data-element_type=\"section\" data-e-type=\"section\">\n\t\t\t\t\t\t<div class=\"elementor-container elementor-column-gap-no\">\n\t\t\t\t\t<div class=\"elementor-column elementor-col-100 elementor-inner-column elementor-element elementor-element-4f77def\" data-id=\"4f77def\" data-element_type=\"column\" data-e-type=\"column\">\n\t\t\t<div class=\"elementor-widget-wrap elementor-element-populated\">\n\t\t\t\t\t\t<div class=\"elementor-element elementor-element-be28fed elementor-widget elementor-widget-text-editor\" data-id=\"be28fed\" data-element_type=\"widget\" data-e-type=\"widget\" data-widget_type=\"text-editor.default\">\n\t\t\t\t<div class=\"elementor-widget-container\">\n\t\t\t\t\t\t\t\t\t<p><span style=\"font-weight: 400;\">The basic fee for a complete cylinder head adjustment is <\/span><b>550 euros<\/b><span style=\"font-weight: 400;\"> per cylinder, for an aluminum cylinder head with four valves per cylinder. <\/span> <\/p>\n<p><span style=\"font-weight: 400;\">The price may vary according to cylinder head material, number of valves, work required and different options available: phosphor bronze guides, copper-beryllium seats, titanium valves, DLC treatment, reinforced springs, mechanical tappets, etc. <\/span><\/p>\n<p><span style=\"font-weight: 400;\">Additional cleaning charges may apply if parts arrive excessively contaminated.<\/span><\/p>\n\t\t\t\t\t\t\t\t<\/div>\n\t\t\t\t<\/div>\n\t\t\t\t\t<\/div>\n\t\t<\/div>\n\t\t\t\t\t<\/div>\n\t\t<\/section>\n\t\t\t\t\t<\/div>\n\t\t<\/div>\n\t\t\t\t\t<\/div>\n\t\t<\/section>\n\t\t\t\t<section class=\"elementor-section elementor-top-section elementor-element elementor-element-a626c41 elementor-reverse-tablet elementor-reverse-mobile elementor-section-boxed elementor-section-height-default elementor-section-height-default\" data-id=\"a626c41\" data-element_type=\"section\" data-e-type=\"section\">\n\t\t\t\t\t\t<div class=\"elementor-container elementor-column-gap-default\">\n\t\t\t\t\t<div class=\"elementor-column elementor-col-50 elementor-top-column elementor-element elementor-element-1a11b60\" data-id=\"1a11b60\" data-element_type=\"column\" data-e-type=\"column\">\n\t\t\t<div class=\"elementor-widget-wrap elementor-element-populated\">\n\t\t\t\t\t\t<div class=\"elementor-element elementor-element-46b5a75 elementor-widget elementor-widget-image\" data-id=\"46b5a75\" data-element_type=\"widget\" data-e-type=\"widget\" data-widget_type=\"image.default\">\n\t\t\t\t<div class=\"elementor-widget-container\">\n\t\t\t\t\t\t\t\t\t\t\t\t\t\t\t<img fetchpriority=\"high\" decoding=\"async\" width=\"1024\" height=\"611\" src=\"https:\/\/gasflow.fr\/wp-content\/uploads\/2023\/10\/WhatsApp-Image-2023-10-12-at-18.31.22-1024x611.jpeg\" class=\"attachment-large size-large wp-image-703\" alt=\"\" srcset=\"https:\/\/gasflow.fr\/wp-content\/uploads\/2023\/10\/WhatsApp-Image-2023-10-12-at-18.31.22-1024x611.jpeg 1024w, https:\/\/gasflow.fr\/wp-content\/uploads\/2023\/10\/WhatsApp-Image-2023-10-12-at-18.31.22-300x179.jpeg 300w, https:\/\/gasflow.fr\/wp-content\/uploads\/2023\/10\/WhatsApp-Image-2023-10-12-at-18.31.22-768x458.jpeg 768w, https:\/\/gasflow.fr\/wp-content\/uploads\/2023\/10\/WhatsApp-Image-2023-10-12-at-18.31.22-1536x917.jpeg 1536w, https:\/\/gasflow.fr\/wp-content\/uploads\/2023\/10\/WhatsApp-Image-2023-10-12-at-18.31.22.jpeg 1600w\" sizes=\"(max-width: 1024px) 100vw, 1024px\" \/>\t\t\t\t\t\t\t\t\t\t\t\t\t\t\t<\/div>\n\t\t\t\t<\/div>\n\t\t\t\t\t<\/div>\n\t\t<\/div>\n\t\t\t\t<div class=\"elementor-column elementor-col-50 elementor-top-column elementor-element elementor-element-e2f42a6\" data-id=\"e2f42a6\" data-element_type=\"column\" data-e-type=\"column\">\n\t\t\t<div class=\"elementor-widget-wrap elementor-element-populated\">\n\t\t\t\t\t\t<div class=\"elementor-element elementor-element-d3c40ca elementor-widget elementor-widget-heading\" data-id=\"d3c40ca\" data-element_type=\"widget\" data-e-type=\"widget\" data-widget_type=\"heading.default\">\n\t\t\t\t<div class=\"elementor-widget-container\">\n\t\t\t\t\t<h2 class=\"elementor-heading-title elementor-size-default\">This price includes the following steps:<\/h2>\t\t\t\t<\/div>\n\t\t\t\t<\/div>\n\t\t\t\t<div class=\"elementor-element elementor-element-e37ccee elementor-widget elementor-widget-text-editor\" data-id=\"e37ccee\" data-element_type=\"widget\" data-e-type=\"widget\" data-widget_type=\"text-editor.default\">\n\t\t\t\t<div class=\"elementor-widget-container\">\n\t\t\t\t\t\t\t\t\t<ul>\n<li>Complete inspection of your cylinder head (flatness with a ground ruler, hot penetrant testing using contrast agents to detect micro-cracks)<\/li>\n<li>Micrometer control of guides<\/li>\n<li>Vacuum valve tightness test<\/li>\n<li>Complete cylinder head disassembly<\/li>\n<li>Checking spring rate on test bench<\/li>\n<li>Check camshafts for straightness and wear using a lever comparator<\/li>\n<li>Initial flow measurement in wind tunnel<\/li>\n<li>Conduit molding<\/li>\n<li>Calculate the ideal conduit to suit your needs<\/li>\n<li>Ultrasonic measurement of available material thickness around conduits<\/li>\n<li>Specific machining of valve seats, up to 5 angles<\/li>\n<li>Special valve machining<\/li>\n<li>Aerodynamic machining of ducts<\/li>\n<li>Specific conduit finishes<\/li>\n<li>Improved combustion chamber aerodynamics<\/li>\n<li>Multiple wind tunnel runs for confirmation<\/li>\n<li>Equalizing chamber volumes<\/li>\n<li>Wind tunnel final flow measurement<\/li>\n<li>Edit your cylinder head flow report<\/li>\n<li>And finally, complete reassembly of your cylinder head<\/li>\n<\/ul>\n<p>Your cylinder head will return to you ready for operation &#8211; <strong>Plug and Gas! <\/strong> <\/p>\n<p>Sending the entire intake chain from the throttle valve is not compulsory, but is preferable for ideal preparation. Aerodynamic optimization can also be carried out if these elements prove to be flow-limiting.<\/p>\n\t\t\t\t\t\t\t\t<\/div>\n\t\t\t\t<\/div>\n\t\t\t\t\t<\/div>\n\t\t<\/div>\n\t\t\t\t\t<\/div>\n\t\t<\/section>\n\t\t\t\t<section class=\"elementor-section elementor-top-section elementor-element elementor-element-a4d15b9 elementor-section-boxed elementor-section-height-default elementor-section-height-default elementor-invisible\" data-id=\"a4d15b9\" data-element_type=\"section\" data-e-type=\"section\" data-settings=\"{&quot;background_background&quot;:&quot;classic&quot;,&quot;animation&quot;:&quot;zoomInRight&quot;}\">\n\t\t\t\t\t\t<div class=\"elementor-container elementor-column-gap-default\">\n\t\t\t\t\t<div class=\"elementor-column elementor-col-100 elementor-top-column elementor-element elementor-element-e2456f3\" data-id=\"e2456f3\" data-element_type=\"column\" data-e-type=\"column\">\n\t\t\t<div class=\"elementor-widget-wrap elementor-element-populated\">\n\t\t\t\t\t\t<div class=\"elementor-element elementor-element-838c938 elementor-widget elementor-widget-heading\" data-id=\"838c938\" data-element_type=\"widget\" data-e-type=\"widget\" data-widget_type=\"heading.default\">\n\t\t\t\t<div class=\"elementor-widget-container\">\n\t\t\t\t\t<h2 class=\"elementor-heading-title elementor-size-default\">Request a quote<\/h2>\t\t\t\t<\/div>\n\t\t\t\t<\/div>\n\t\t\t\t<div class=\"elementor-element elementor-element-5c0ecb2 elementor-widget elementor-widget-text-editor\" data-id=\"5c0ecb2\" data-element_type=\"widget\" data-e-type=\"widget\" data-widget_type=\"text-editor.default\">\n\t\t\t\t<div class=\"elementor-widget-container\">\n\t\t\t\t\t\t\t\t\t<p>Please do not hesitate to contact us if you require a quotation or further information.<\/p>\n<p>Possibility of payment in 4 instalments with our partner PayPal.<\/p>\n\t\t\t\t\t\t\t\t<\/div>\n\t\t\t\t<\/div>\n\t\t\t\t<div class=\"elementor-element elementor-element-429bd24 elementor-align-center elementor-widget elementor-widget-button\" data-id=\"429bd24\" data-element_type=\"widget\" data-e-type=\"widget\" data-widget_type=\"button.default\">\n\t\t\t\t<div class=\"elementor-widget-container\">\n\t\t\t\t\t\t\t\t\t<div class=\"elementor-button-wrapper\">\n\t\t\t\t\t<a class=\"elementor-button elementor-button-link elementor-size-sm\" href=\"https:\/\/gasflow.fr\/en\/contact\/\">\n\t\t\t\t\t\t<span class=\"elementor-button-content-wrapper\">\n\t\t\t\t\t\t\t\t\t<span class=\"elementor-button-text\">Contact us<\/span>\n\t\t\t\t\t<\/span>\n\t\t\t\t\t<\/a>\n\t\t\t\t<\/div>\n\t\t\t\t\t\t\t\t<\/div>\n\t\t\t\t<\/div>\n\t\t\t\t\t<\/div>\n\t\t<\/div>\n\t\t\t\t\t<\/div>\n\t\t<\/section>\n\t\t\t\t<\/div>\n\t\t","protected":false},"excerpt":{"rendered":"<p>Our prices The basic fee for a complete cylinder head adjustment is 550 euros per cylinder, for an aluminum cylinder head with four valves per cylinder. The price may vary according to cylinder head material, number of valves, work required and different options available: phosphor bronze guides, copper-beryllium seats, titanium valves, DLC treatment, reinforced springs, [&hellip;]<\/p>\n","protected":false},"author":3,"featured_media":0,"parent":0,"menu_order":0,"comment_status":"closed","ping_status":"closed","template":"","meta":{"site-sidebar-layout":"no-sidebar","site-content-layout":"page-builder","ast-site-content-layout":"full-width-container","site-content-style":"default","site-sidebar-style":"default","ast-global-header-display":"","ast-banner-title-visibility":"","ast-main-header-display":"","ast-hfb-above-header-display":"","ast-hfb-below-header-display":"","ast-hfb-mobile-header-display":"","site-post-title":"disabled","ast-breadcrumbs-content":"","ast-featured-img":"disabled","footer-sml-layout":"","ast-disable-related-posts":"","theme-transparent-header-meta":"","adv-header-id-meta":"","stick-header-meta":"","header-above-stick-meta":"","header-main-stick-meta":"","header-below-stick-meta":"","astra-migrate-meta-layouts":"default","ast-page-background-enabled":"default","ast-page-background-meta":{"desktop":{"background-color":"var(--ast-global-color-4)","background-image":"","background-repeat":"repeat","background-position":"center center","background-size":"auto","background-attachment":"scroll","background-type":"","background-media":"","overlay-type":"","overlay-color":"","overlay-opacity":"","overlay-gradient":""},"tablet":{"background-color":"","background-image":"","background-repeat":"repeat","background-position":"center center","background-size":"auto","background-attachment":"scroll","background-type":"","background-media":"","overlay-type":"","overlay-color":"","overlay-opacity":"","overlay-gradient":""},"mobile":{"background-color":"","background-image":"","background-repeat":"repeat","background-position":"center center","background-size":"auto","background-attachment":"scroll","background-type":"","background-media":"","overlay-type":"","overlay-color":"","overlay-opacity":"","overlay-gradient":""}},"ast-content-background-meta":{"desktop":{"background-color":"var(--ast-global-color-5)","background-image":"","background-repeat":"repeat","background-position":"center center","background-size":"auto","background-attachment":"scroll","background-type":"","background-media":"","overlay-type":"","overlay-color":"","overlay-opacity":"","overlay-gradient":""},"tablet":{"background-color":"var(--ast-global-color-5)","background-image":"","background-repeat":"repeat","background-position":"center center","background-size":"auto","background-attachment":"scroll","background-type":"","background-media":"","overlay-type":"","overlay-color":"","overlay-opacity":"","overlay-gradient":""},"mobile":{"background-color":"var(--ast-global-color-5)","background-image":"","background-repeat":"repeat","background-position":"center center","background-size":"auto","background-attachment":"scroll","background-type":"","background-media":"","overlay-type":"","overlay-color":"","overlay-opacity":"","overlay-gradient":""}},"footnotes":""},"class_list":["post-874","page","type-page","status-publish","hentry"],"yoast_head":"<!-- This site is optimized with the Yoast SEO plugin v27.6 - https:\/\/yoast.com\/product\/yoast-seo-wordpress\/ -->\n<title>Our prices for cylinder head preparation - Gasflow.<\/title>\n<meta name=\"description\" content=\"Entrust Gasflow with the custom preparation of your cylinder head. You can adjust your budget according to the extent of the work required.\" \/>\n<meta name=\"robots\" content=\"index, follow, max-snippet:-1, max-image-preview:large, max-video-preview:-1\" \/>\n<link rel=\"canonical\" href=\"https:\/\/gasflow.fr\/en\/budgets\/\" \/>\n<meta property=\"og:locale\" content=\"en_US\" \/>\n<meta property=\"og:type\" content=\"article\" \/>\n<meta property=\"og:title\" content=\"Our prices for cylinder head preparation - Gasflow.\" \/>\n<meta property=\"og:description\" content=\"Entrust Gasflow with the custom preparation of your cylinder head. You can adjust your budget according to the extent of the work required.\" \/>\n<meta property=\"og:url\" content=\"https:\/\/gasflow.fr\/en\/budgets\/\" \/>\n<meta property=\"og:site_name\" content=\"Gasflow\" \/>\n<meta property=\"article:modified_time\" content=\"2026-02-18T19:38:22+00:00\" \/>\n<meta property=\"og:image\" content=\"https:\/\/gasflow.fr\/wp-content\/uploads\/2023\/10\/WhatsApp-Image-2023-10-12-at-18.31.22.jpeg\" \/>\n\t<meta property=\"og:image:width\" content=\"1600\" \/>\n\t<meta property=\"og:image:height\" content=\"955\" \/>\n\t<meta property=\"og:image:type\" content=\"image\/jpeg\" \/>\n<meta name=\"twitter:card\" content=\"summary_large_image\" \/>\n<meta name=\"twitter:label1\" content=\"Est. reading time\" \/>\n\t<meta name=\"twitter:data1\" content=\"1 minute\" \/>\n<script type=\"application\/ld+json\" class=\"yoast-schema-graph\">{\"@context\":\"https:\\\/\\\/schema.org\",\"@graph\":[{\"@type\":\"WebPage\",\"@id\":\"https:\\\/\\\/gasflow.fr\\\/en\\\/budgets\\\/\",\"url\":\"https:\\\/\\\/gasflow.fr\\\/en\\\/budgets\\\/\",\"name\":\"Our prices for cylinder head preparation - Gasflow.\",\"isPartOf\":{\"@id\":\"https:\\\/\\\/gasflow.fr\\\/en\\\/#website\"},\"primaryImageOfPage\":{\"@id\":\"https:\\\/\\\/gasflow.fr\\\/en\\\/budgets\\\/#primaryimage\"},\"image\":{\"@id\":\"https:\\\/\\\/gasflow.fr\\\/en\\\/budgets\\\/#primaryimage\"},\"thumbnailUrl\":\"https:\\\/\\\/gasflow.fr\\\/wp-content\\\/uploads\\\/2023\\\/10\\\/WhatsApp-Image-2023-10-12-at-18.31.22-1024x611.jpeg\",\"datePublished\":\"2023-09-26T07:02:53+00:00\",\"dateModified\":\"2026-02-18T19:38:22+00:00\",\"description\":\"Entrust Gasflow with the custom preparation of your cylinder head. You can adjust your budget according to the extent of the work required.\",\"breadcrumb\":{\"@id\":\"https:\\\/\\\/gasflow.fr\\\/en\\\/budgets\\\/#breadcrumb\"},\"inLanguage\":\"en-US\",\"potentialAction\":[{\"@type\":\"ReadAction\",\"target\":[\"https:\\\/\\\/gasflow.fr\\\/en\\\/budgets\\\/\"]}]},{\"@type\":\"ImageObject\",\"inLanguage\":\"en-US\",\"@id\":\"https:\\\/\\\/gasflow.fr\\\/en\\\/budgets\\\/#primaryimage\",\"url\":\"https:\\\/\\\/gasflow.fr\\\/wp-content\\\/uploads\\\/2023\\\/10\\\/WhatsApp-Image-2023-10-12-at-18.31.22-1024x611.jpeg\",\"contentUrl\":\"https:\\\/\\\/gasflow.fr\\\/wp-content\\\/uploads\\\/2023\\\/10\\\/WhatsApp-Image-2023-10-12-at-18.31.22-1024x611.jpeg\"},{\"@type\":\"BreadcrumbList\",\"@id\":\"https:\\\/\\\/gasflow.fr\\\/en\\\/budgets\\\/#breadcrumb\",\"itemListElement\":[{\"@type\":\"ListItem\",\"position\":1,\"name\":\"Home\",\"item\":\"https:\\\/\\\/gasflow.fr\\\/en\\\/\"},{\"@type\":\"ListItem\",\"position\":2,\"name\":\"Budgets\"}]},{\"@type\":\"WebSite\",\"@id\":\"https:\\\/\\\/gasflow.fr\\\/en\\\/#website\",\"url\":\"https:\\\/\\\/gasflow.fr\\\/en\\\/\",\"name\":\"Gasflow\",\"description\":\"Nous sommes d\u00e9di\u00e9s \u00e0 l\u2019am\u00e9lioration des performances de votre moteur.\",\"publisher\":{\"@id\":\"https:\\\/\\\/gasflow.fr\\\/en\\\/#organization\"},\"potentialAction\":[{\"@type\":\"SearchAction\",\"target\":{\"@type\":\"EntryPoint\",\"urlTemplate\":\"https:\\\/\\\/gasflow.fr\\\/en\\\/?s={search_term_string}\"},\"query-input\":{\"@type\":\"PropertyValueSpecification\",\"valueRequired\":true,\"valueName\":\"search_term_string\"}}],\"inLanguage\":\"en-US\"},{\"@type\":\"Organization\",\"@id\":\"https:\\\/\\\/gasflow.fr\\\/en\\\/#organization\",\"name\":\"Gasflow\",\"url\":\"https:\\\/\\\/gasflow.fr\\\/en\\\/\",\"logo\":{\"@type\":\"ImageObject\",\"inLanguage\":\"en-US\",\"@id\":\"https:\\\/\\\/gasflow.fr\\\/en\\\/#\\\/schema\\\/logo\\\/image\\\/\",\"url\":\"https:\\\/\\\/gasflow.fr\\\/wp-content\\\/uploads\\\/2023\\\/10\\\/favicon_gasflow-removebg-preview.png\",\"contentUrl\":\"https:\\\/\\\/gasflow.fr\\\/wp-content\\\/uploads\\\/2023\\\/10\\\/favicon_gasflow-removebg-preview.png\",\"width\":667,\"height\":374,\"caption\":\"Gasflow\"},\"image\":{\"@id\":\"https:\\\/\\\/gasflow.fr\\\/en\\\/#\\\/schema\\\/logo\\\/image\\\/\"}}]}<\/script>\n<!-- \/ Yoast SEO plugin. -->","yoast_head_json":{"title":"Our prices for cylinder head preparation - Gasflow.","description":"Entrust Gasflow with the custom preparation of your cylinder head. You can adjust your budget according to the extent of the work required.","robots":{"index":"index","follow":"follow","max-snippet":"max-snippet:-1","max-image-preview":"max-image-preview:large","max-video-preview":"max-video-preview:-1"},"canonical":"https:\/\/gasflow.fr\/en\/budgets\/","og_locale":"en_US","og_type":"article","og_title":"Our prices for cylinder head preparation - Gasflow.","og_description":"Entrust Gasflow with the custom preparation of your cylinder head. You can adjust your budget according to the extent of the work required.","og_url":"https:\/\/gasflow.fr\/en\/budgets\/","og_site_name":"Gasflow","article_modified_time":"2026-02-18T19:38:22+00:00","og_image":[{"width":1600,"height":955,"url":"https:\/\/gasflow.fr\/wp-content\/uploads\/2023\/10\/WhatsApp-Image-2023-10-12-at-18.31.22.jpeg","type":"image\/jpeg"}],"twitter_card":"summary_large_image","twitter_misc":{"Est. reading time":"1 minute"},"schema":{"@context":"https:\/\/schema.org","@graph":[{"@type":"WebPage","@id":"https:\/\/gasflow.fr\/en\/budgets\/","url":"https:\/\/gasflow.fr\/en\/budgets\/","name":"Our prices for cylinder head preparation - Gasflow.","isPartOf":{"@id":"https:\/\/gasflow.fr\/en\/#website"},"primaryImageOfPage":{"@id":"https:\/\/gasflow.fr\/en\/budgets\/#primaryimage"},"image":{"@id":"https:\/\/gasflow.fr\/en\/budgets\/#primaryimage"},"thumbnailUrl":"https:\/\/gasflow.fr\/wp-content\/uploads\/2023\/10\/WhatsApp-Image-2023-10-12-at-18.31.22-1024x611.jpeg","datePublished":"2023-09-26T07:02:53+00:00","dateModified":"2026-02-18T19:38:22+00:00","description":"Entrust Gasflow with the custom preparation of your cylinder head. You can adjust your budget according to the extent of the work required.","breadcrumb":{"@id":"https:\/\/gasflow.fr\/en\/budgets\/#breadcrumb"},"inLanguage":"en-US","potentialAction":[{"@type":"ReadAction","target":["https:\/\/gasflow.fr\/en\/budgets\/"]}]},{"@type":"ImageObject","inLanguage":"en-US","@id":"https:\/\/gasflow.fr\/en\/budgets\/#primaryimage","url":"https:\/\/gasflow.fr\/wp-content\/uploads\/2023\/10\/WhatsApp-Image-2023-10-12-at-18.31.22-1024x611.jpeg","contentUrl":"https:\/\/gasflow.fr\/wp-content\/uploads\/2023\/10\/WhatsApp-Image-2023-10-12-at-18.31.22-1024x611.jpeg"},{"@type":"BreadcrumbList","@id":"https:\/\/gasflow.fr\/en\/budgets\/#breadcrumb","itemListElement":[{"@type":"ListItem","position":1,"name":"Home","item":"https:\/\/gasflow.fr\/en\/"},{"@type":"ListItem","position":2,"name":"Budgets"}]},{"@type":"WebSite","@id":"https:\/\/gasflow.fr\/en\/#website","url":"https:\/\/gasflow.fr\/en\/","name":"Gasflow","description":"Nous sommes d\u00e9di\u00e9s \u00e0 l\u2019am\u00e9lioration des performances de votre moteur.","publisher":{"@id":"https:\/\/gasflow.fr\/en\/#organization"},"potentialAction":[{"@type":"SearchAction","target":{"@type":"EntryPoint","urlTemplate":"https:\/\/gasflow.fr\/en\/?s={search_term_string}"},"query-input":{"@type":"PropertyValueSpecification","valueRequired":true,"valueName":"search_term_string"}}],"inLanguage":"en-US"},{"@type":"Organization","@id":"https:\/\/gasflow.fr\/en\/#organization","name":"Gasflow","url":"https:\/\/gasflow.fr\/en\/","logo":{"@type":"ImageObject","inLanguage":"en-US","@id":"https:\/\/gasflow.fr\/en\/#\/schema\/logo\/image\/","url":"https:\/\/gasflow.fr\/wp-content\/uploads\/2023\/10\/favicon_gasflow-removebg-preview.png","contentUrl":"https:\/\/gasflow.fr\/wp-content\/uploads\/2023\/10\/favicon_gasflow-removebg-preview.png","width":667,"height":374,"caption":"Gasflow"},"image":{"@id":"https:\/\/gasflow.fr\/en\/#\/schema\/logo\/image\/"}}]}},"_links":{"self":[{"href":"https:\/\/gasflow.fr\/en\/wp-json\/wp\/v2\/pages\/874","targetHints":{"allow":["GET"]}}],"collection":[{"href":"https:\/\/gasflow.fr\/en\/wp-json\/wp\/v2\/pages"}],"about":[{"href":"https:\/\/gasflow.fr\/en\/wp-json\/wp\/v2\/types\/page"}],"author":[{"embeddable":true,"href":"https:\/\/gasflow.fr\/en\/wp-json\/wp\/v2\/users\/3"}],"replies":[{"embeddable":true,"href":"https:\/\/gasflow.fr\/en\/wp-json\/wp\/v2\/comments?post=874"}],"version-history":[{"count":9,"href":"https:\/\/gasflow.fr\/en\/wp-json\/wp\/v2\/pages\/874\/revisions"}],"predecessor-version":[{"id":1510,"href":"https:\/\/gasflow.fr\/en\/wp-json\/wp\/v2\/pages\/874\/revisions\/1510"}],"wp:attachment":[{"href":"https:\/\/gasflow.fr\/en\/wp-json\/wp\/v2\/media?parent=874"}],"curies":[{"name":"wp","href":"https:\/\/api.w.org\/{rel}","templated":true}]}}